{"id":940,"date":"2013-12-30T07:34:34","date_gmt":"2013-12-30T07:34:34","guid":{"rendered":"http:\/\/themecanon.com\/themes\/kause\/?page_id=14"},"modified":"2017-07-16T14:49:29","modified_gmt":"2017-07-16T14:49:29","slug":"acerca-de","status":"publish","type":"page","link":"https:\/\/www.multiplicandodiscipulos.com\/","title":{"rendered":"Acerca de"},"content":{"rendered":"<p><strong>  NING\u00daN LUGAR SIN ALCANZAR<\/strong> es un movimiento de movimientos con la meta de alcanzar dondequiera Cristo no se conoce en nuestra generaci\u00f3n: ning\u00fan grupo de personas, grupo \u00e9tnico, ciudad o segmento (Romanos 15:23). Hacemos eso a trav\u00e9s de la reproducci\u00f3n de disc\u00edpulos e iglesias entre los perdidos hasta que no queda ning\u00fan lugar.<\/p>\n<p><strong>VISION:<br \/>\nReino:<\/strong> Creemos que es el coraz\u00f3n de nuestro Padre para crear una cosecha (Mateo 9: 37-38) y traer Su reino completamente en cada lugar (Mateo 6: 9-10) para Su gloria.<\/p>\n<p><strong>Global:<\/strong> Un movimiento global de Acts 1:8 en el que los disc\u00edpulos hacen disc\u00edpulos reproductores los quienes alcancen plenamente sus propios contextos diversos y luego los pueblos no alcanzados de la tierra para Cristo. Fomentamos asociaciones interdependientes en misi\u00f3n entre iglesias aut\u00f3nomas y bandas apost\u00f3licas (Hechos 13, Filipenses 1:5).<\/p>\n<p><strong>Basado en la MPI:<\/strong> Nosotros catalizamos los movimientos de plantaci\u00f3n de iglesias dirigidos por el Esp\u00edritu como la avenida para llegar a un \u00e1rea entera &#8211; enfatizando 1) encontrar a personas preparado por Dios (entrada), 2) reproduciendo evangelismo, 3) reproduciendo disc\u00edpulos, 4) reproduciendo iglesias y 5) reproduciendo L\u00edderes.<\/p>\n<p><strong>Terminando La Tarea:<\/strong> Estamos enfocados a terminar la tarea de la Gran Comisi\u00f3n (Mateo 28: 18-20, 24:14) todo lo que nos puede costar para Su gloria (Juan 12:24).<\/p>\n<p><strong>Crecimiento Generacional:<\/strong> Somos un movimiento descentralizado (estrellas de mar) de generaciones reproductivas de disc\u00edpulos e iglesias, sabiendo que hasta que veamos la cuarta generaci\u00f3n consecutiva y m\u00e1s all\u00e1, una corriente no se est\u00e1 convirtiendo en un movimiento (Mateo 28: 18-20; : 2, Mateo 13: 31 &#8211; 33).<\/p>\n<p><strong>LA PRACTICA<br \/>\nEvangelio, Palabra y Esp\u00edritu:<\/strong> Estamos centrados en Cristo proclamando el evangelio de la gracia (Lucas 24: 46-49, Hechos 20:24) dependiendo de la Palabra como gu\u00eda (Juan 15: 1-16) y el Esp\u00edritu como nuestro Empoderador\u00a0(Juan 14: 23-26).<\/p>\n<p><strong>Urgencia:<\/strong> Vivimos y trabajamos con urgencia manteniendo el D\u00cdA en mente, acelerando el fin de los tiempos mientras esperamos la venida de Cristo (Heb 10: 24-25, 2 Pedro 3:12).<\/p>\n<p><strong>Pr\u00e1ctica de Oraci\u00f3n:<\/strong> Oramos por los obreros mientras practicamos como obreros nosotros mismos (Lucas 10: 2). Todos tomamos la propiedad personal de la Gran Comisi\u00f3n y asignamos tiempo para alcanzar a los perdidos dentro de su esfera de influencia (1 Cor 9:16).<\/p>\n<p><strong>Disc\u00edpulos, no Conversos:<\/strong> Vamos a nuevos creyentes donde est\u00e1n y los discipulamos para obedecer los mandamientos de Jes\u00fas por amor (Mt 28: 18-20, Jn. 14:21), con la expectativa de que la Palabra se reproduzca en su vida, como hacen lo mismo con los dem\u00e1s (Mateo 13).<\/p>\n<p><strong>Humildad:<\/strong> Nuestra aspiraci\u00f3n es humillarnos bajo la poderosa mano de Dios (Santiago 4: 6-10) para vivir por Su gracia, honrarnos unos a otros en amor (Romanos 12: 9-11) y continuar como aprendices de las maneras contra-intuitivas del Rey (Mc 1,15).<\/p>\n<p><strong>\u00a0<\/strong><\/p>\n","protected":false},"excerpt":{"rendered":"<p>NING\u00daN LUGAR SIN ALCANZAR es un movimiento de movimientos con la meta de alcanzar dondequiera Cristo no se conoce en nuestra generaci\u00f3n: ning\u00fan grupo de personas, grupo \u00e9tnico, ciudad o segmento (Romanos 15:23). Hacemos eso a trav\u00e9s de la reproducci\u00f3n &hellip; <a href=\"https:\/\/www.multiplicandodiscipulos.com\/\">Continue reading <span class=\"meta-nav\">&rarr;<\/span><\/a><\/p>\n","protected":false},"author":1,"featured_media":1479,"parent":0,"menu_order":0,"comment_status":"closed","ping_status":"closed","template":"","meta":{"footnotes":""},"class_list":["post-940","page","type-page","status-publish","has-post-thumbnail","hentry"],"_links":{"self":[{"href":"https:\/\/www.multiplicandodiscipulos.com\/index.php?rest_route=\/wp\/v2\/pages\/940","targetHints":{"allow":["GET"]}}],"collection":[{"href":"https:\/\/www.multiplicandodiscipulos.com\/index.php?rest_route=\/wp\/v2\/pages"}],"about":[{"href":"https:\/\/www.multiplicandodiscipulos.com\/index.php?rest_route=\/wp\/v2\/types\/page"}],"author":[{"embeddable":true,"href":"https:\/\/www.multiplicandodiscipulos.com\/index.php?rest_route=\/wp\/v2\/users\/1"}],"replies":[{"embeddable":true,"href":"https:\/\/www.multiplicandodiscipulos.com\/index.php?rest_route=%2Fwp%2Fv2%2Fcomments&post=940"}],"version-history":[{"count":10,"href":"https:\/\/www.multiplicandodiscipulos.com\/index.php?rest_route=\/wp\/v2\/pages\/940\/revisions"}],"predecessor-version":[{"id":1491,"href":"https:\/\/www.multiplicandodiscipulos.com\/index.php?rest_route=\/wp\/v2\/pages\/940\/revisions\/1491"}],"wp:featuredmedia":[{"embeddable":true,"href":"https:\/\/www.multiplicandodiscipulos.com\/index.php?rest_route=\/wp\/v2\/media\/1479"}],"wp:attachment":[{"href":"https:\/\/www.multiplicandodiscipulos.com\/index.php?rest_route=%2Fwp%2Fv2%2Fmedia&parent=940"}],"curies":[{"name":"wp","href":"https:\/\/api.w.org\/{rel}","templated":true}]}}